{"id":464,"date":"2025-02-13T13:27:49","date_gmt":"2025-02-13T13:27:49","guid":{"rendered":"https:\/\/profilaktyki.pl\/?page_id=464"},"modified":"2025-02-13T13:33:37","modified_gmt":"2025-02-13T13:33:37","slug":"filmy","status":"publish","type":"page","link":"https:\/\/profilaktyki.pl\/?page_id=464","title":{"rendered":"FILMY"},"content":{"rendered":"\n<div style=\"height:40px\" aria-hidden=\"true\" class=\"wp-block-spacer\"><\/div>\n\n\n<h4><strong>Jacek Dew\u00f3dzki WENDIGO &#8211; Spotkania profilaktyczne w CKA<\/strong><\/h4>\n<p><a href=\"_wp_link_placeholder\" data-wplink-edit=\"true\"><iframe loading=\"lazy\" src=\"\/\/www.youtube.com\/embed\/iDAgvGlvqVQ\" width=\"560\" height=\"314\" allowfullscreen=\"allowfullscreen\"><\/iframe><\/a><\/p>\n<hr \/>\n<h4 style=\"text-align: center;\"><strong>S\u0142owno &#8211; muzyczne spotkania dla m\u0142odzie\u017cy szkolnej z Jackiem Dew\u00f3dzkim &#8211; wieloletnim wokalist\u0105 zespo\u0142u D\u017bEM<\/strong><\/h4>\n<p><iframe loading=\"lazy\" title=\"S\u0142owno muzyczne spotkania dla m\u0142odzie\u017cy szkolnej z wieloletnim wokalist\u0105 zespo\u0142u D\u017bEM\" width=\"1032\" height=\"581\" src=\"https:\/\/www.youtube.com\/embed\/hKIv1J7EDV0?feature=oembed\" frameborder=\"0\" allow=\"accelerometer; autoplay; clipboard-write; encrypted-media; gyroscope; picture-in-picture; web-share\" referrerpolicy=\"strict-origin-when-cross-origin\" allowfullscreen><\/iframe><\/p>","protected":false},"excerpt":{"rendered":"<p>Jacek Dew\u00f3dzki WENDIGO &#8211; Spotkania profilaktyczne w CKA S\u0142owno &#8211; muzyczne spotkania dla m\u0142odzie\u017cy szkolnej z Jackiem Dew\u00f3dzkim &#8211; wieloletnim wokalist\u0105 zespo\u0142u D\u017bEM<\/p>\n","protected":false},"author":1,"featured_media":0,"parent":0,"menu_order":0,"comment_status":"closed","ping_status":"closed","template":"","meta":{"footnotes":""},"class_list":["post-464","page","type-page","status-publish","hentry"],"_links":{"self":[{"href":"https:\/\/profilaktyki.pl\/index.php?rest_route=\/wp\/v2\/pages\/464","targetHints":{"allow":["GET"]}}],"collection":[{"href":"https:\/\/profilaktyki.pl\/index.php?rest_route=\/wp\/v2\/pages"}],"about":[{"href":"https:\/\/profilaktyki.pl\/index.php?rest_route=\/wp\/v2\/types\/page"}],"author":[{"embeddable":true,"href":"https:\/\/profilaktyki.pl\/index.php?rest_route=\/wp\/v2\/users\/1"}],"replies":[{"embeddable":true,"href":"https:\/\/profilaktyki.pl\/index.php?rest_route=%2Fwp%2Fv2%2Fcomments&post=464"}],"version-history":[{"count":2,"href":"https:\/\/profilaktyki.pl\/index.php?rest_route=\/wp\/v2\/pages\/464\/revisions"}],"predecessor-version":[{"id":474,"href":"https:\/\/profilaktyki.pl\/index.php?rest_route=\/wp\/v2\/pages\/464\/revisions\/474"}],"wp:attachment":[{"href":"https:\/\/profilaktyki.pl\/index.php?rest_route=%2Fwp%2Fv2%2Fmedia&parent=464"}],"curies":[{"name":"wp","href":"https:\/\/api.w.org\/{rel}","templated":true}]}}